{"id":70,"date":"2023-02-25T17:23:34","date_gmt":"2023-02-25T16:23:34","guid":{"rendered":"http:\/\/www.lejardindenylou.com\/?page_id=70"},"modified":"2025-04-13T22:43:15","modified_gmt":"2025-04-13T20:43:15","slug":"contact","status":"publish","type":"page","link":"https:\/\/www.lejardindenylou.com\/index.php\/contact\/","title":{"rendered":"Contact &amp; Prise de rendez-vous"},"content":{"rendered":"\n<hr class=\"wp-block-separator has-alpha-channel-opacity is-style-wide\"\/>\n\n\n\n<div class=\"wp-block-group alignwide is-layout-flow wp-block-group-is-layout-flow\">\n<div class=\"wp-block-group has-border-color has-tertiary-background-color has-background is-nowrap is-layout-flex wp-container-core-group-is-layout-e0b099ed wp-block-group-is-layout-flex\" style=\"border-color:#ff66c4;border-width:1px;border-radius:20px;padding-top:var(--wp--preset--spacing--40);padding-right:var(--wp--preset--spacing--40);padding-bottom:var(--wp--preset--spacing--40);padding-left:var(--wp--preset--spacing--40)\">\n<div class=\"wp-block-group alignwide is-layout-flow wp-container-core-group-is-layout-ee2d73b8 wp-block-group-is-layout-flow\" style=\"border-radius:20px;padding-top:0;padding-right:0;padding-bottom:0;padding-left:0\">\n<p class=\"has-text-align-left\">Le <strong>bouton suivant<\/strong> vous redirige vers mon planificateur de rendez-vous en ligne.  <\/p>\n\n\n\n<p class=\"has-small-font-size\">Un email reprenant toutes les informations vous sera envoy\u00e9 \u00e0 l&rsquo;adresse communiqu\u00e9e via le formulaire.<\/p>\n\n\n\n<p class=\"has-small-font-size\">Les s\u00e9ances se font exclusivement via <a href=\"https:\/\/zoom.us\">Zoom<\/a>. Il est vivement conseill\u00e9 d&rsquo;installer, de configurer le logiciel en amont de l&rsquo;entretien pour \u00e9viter de perdre un pr\u00e9cieux temps. Zoom est simple d&rsquo;utilisation et fonctionne aussi bien sur t\u00e9l\u00e9phone que sur ordinateur. Il est \u00e9galement utile de disposer d&rsquo;un casque de bonne qualit\u00e9 (\u00e9couteurs et micro) afin que la s\u00e9ance se d\u00e9roule dans les meilleures conditions.<\/p>\n<\/div>\n\n\n\n<figure class=\"wp-block-image size-large has-custom-border\"><a href=\"https:\/\/calendly.com\/lejardindenylou\"><img data-recalc-dims=\"1\" loading=\"lazy\" decoding=\"async\" width=\"1024\" height=\"1024\" src=\"https:\/\/i0.wp.com\/www.lejardindenylou.com\/wp-content\/uploads\/2025\/04\/Calendrier-Neutre.png?resize=1024%2C1024&#038;ssl=1\" alt=\"\" class=\"wp-image-2786\" style=\"border-radius:20px\" srcset=\"https:\/\/i0.wp.com\/www.lejardindenylou.com\/wp-content\/uploads\/2025\/04\/Calendrier-Neutre.png?resize=1024%2C1024&amp;ssl=1 1024w, https:\/\/i0.wp.com\/www.lejardindenylou.com\/wp-content\/uploads\/2025\/04\/Calendrier-Neutre.png?resize=300%2C300&amp;ssl=1 300w, https:\/\/i0.wp.com\/www.lejardindenylou.com\/wp-content\/uploads\/2025\/04\/Calendrier-Neutre.png?resize=150%2C150&amp;ssl=1 150w, https:\/\/i0.wp.com\/www.lejardindenylou.com\/wp-content\/uploads\/2025\/04\/Calendrier-Neutre.png?resize=768%2C768&amp;ssl=1 768w, https:\/\/i0.wp.com\/www.lejardindenylou.com\/wp-content\/uploads\/2025\/04\/Calendrier-Neutre.png?w=1400&amp;ssl=1 1400w\" sizes=\"auto, (max-width: 1000px) 100vw, 1000px\" \/><\/a><\/figure>\n<\/div>\n\n\n\n<div class=\"wp-block-buttons is-content-justification-center is-layout-flex wp-container-core-buttons-is-layout-a89b3969 wp-block-buttons-is-layout-flex\">\n<div class=\"wp-block-button is-style-outline is-style-outline--1\"><a class=\"wp-block-button__link has-tertiary-color has-secondary-background-color has-text-color has-background has-link-color wp-element-button\" href=\"https:\/\/calendly.com\/lejardindenylou\" style=\"border-radius:10px\">Planifiez un rendez-vous avec moi !<\/a><\/div>\n<\/div>\n<\/div>\n\n\n\n<hr class=\"wp-block-separator has-alpha-channel-opacity is-style-wide\"\/>\n\n\n\n<div class=\"wp-block-group alignwide has-border-color has-tertiary-background-color has-background is-nowrap is-layout-flex wp-container-core-group-is-layout-83aa811b wp-block-group-is-layout-flex\" style=\"border-color:#ff66c4;border-width:1px;border-radius:20px;padding-top:var(--wp--preset--spacing--40);padding-right:var(--wp--preset--spacing--40);padding-bottom:var(--wp--preset--spacing--40);padding-left:var(--wp--preset--spacing--40)\">\n<figure class=\"wp-block-image size-large has-custom-border\"><img data-recalc-dims=\"1\" loading=\"lazy\" decoding=\"async\" width=\"1024\" height=\"768\" src=\"https:\/\/i0.wp.com\/www.lejardindenylou.com\/wp-content\/uploads\/2023\/03\/pexels-jess-bailey-designs-2736613.jpg?resize=1024%2C768&#038;ssl=1\" alt=\"\" class=\"wp-image-302\" style=\"border-radius:20px\" srcset=\"https:\/\/i0.wp.com\/www.lejardindenylou.com\/wp-content\/uploads\/2023\/03\/pexels-jess-bailey-designs-2736613-scaled.jpg?resize=1024%2C768&amp;ssl=1 1024w, https:\/\/i0.wp.com\/www.lejardindenylou.com\/wp-content\/uploads\/2023\/03\/pexels-jess-bailey-designs-2736613-scaled.jpg?resize=300%2C225&amp;ssl=1 300w, https:\/\/i0.wp.com\/www.lejardindenylou.com\/wp-content\/uploads\/2023\/03\/pexels-jess-bailey-designs-2736613-scaled.jpg?resize=768%2C576&amp;ssl=1 768w, https:\/\/i0.wp.com\/www.lejardindenylou.com\/wp-content\/uploads\/2023\/03\/pexels-jess-bailey-designs-2736613-scaled.jpg?resize=1536%2C1152&amp;ssl=1 1536w, https:\/\/i0.wp.com\/www.lejardindenylou.com\/wp-content\/uploads\/2023\/03\/pexels-jess-bailey-designs-2736613-scaled.jpg?resize=2048%2C1536&amp;ssl=1 2048w\" sizes=\"auto, (max-width: 1000px) 100vw, 1000px\" \/><\/figure>\n\n\n\n<div class=\"wp-block-group is-vertical is-layout-flex wp-container-core-group-is-layout-fe9cc265 wp-block-group-is-layout-flex\">\n<p>Vous souhaitez entrez en contact avec moi ?   C&rsquo;est par&nbsp;<strong>ici \ud83c\udf38<\/strong> \u2b07\ufe0f<\/p>\n\n\n\n<p>Vous avez une&nbsp;<strong>question<\/strong>, vous souhaitez me solliciter pour un&nbsp;<strong>rendez-vous<\/strong> ou une&nbsp;<strong>collaboration<\/strong>, vous souhaitez <strong>vous inscrire \u00e0 un stage<\/strong>&nbsp;?   N&rsquo;h\u00e9sitez pas \u00e0 utiliser le formulaire de contact ci-dessous ou \u00e0 me contacter au +32 479 38 92 35 (si je ne suis pas disponible, laissez un message, je vous rappelle dans le plus brefs d\u00e9lais)<\/p>\n<\/div>\n<\/div>\n\n\n\n<div class=\"wp-block-group alignwide has-border-color is-layout-flow wp-block-group-is-layout-flow\" style=\"border-color:#ff66c4;border-width:1px;border-radius:20px;padding-top:var(--wp--preset--spacing--50);padding-right:var(--wp--preset--spacing--50);padding-bottom:var(--wp--preset--spacing--50);padding-left:var(--wp--preset--spacing--50)\">\n<h4 class=\"wp-block-heading has-text-align-center has-secondary-color has-text-color has-link-color has-medium-font-size wp-elements-af6d9f104ff2db54653cb9943ffc15a4\" style=\"border-radius:10px\"><span style=\"text-decoration: underline;\">Formulaire de prise de contact<\/span><\/h4>\n\n\n<div class=\"wp-block-jetpack-contact-form\"><a href=\"https:\/\/www.lejardindenylou.com\/index.php\/contact\/\" target=\"_blank\" rel=\"noopener noreferrer\">Soumettre un formulaire.<\/a><\/div>\n\n\n<h4 class=\"wp-block-heading has-text-align-center has-medium-font-size\"><em>Merci pour votre message !&nbsp;\ud83d\ude4f\ud83d\udcab<\/em><\/h4>\n<\/div>\n\n\n\n<hr class=\"wp-block-separator has-alpha-channel-opacity is-style-wide\"\/>\n","protected":false},"excerpt":{"rendered":"<p>Le bouton suivant vous redirige vers mon planificateur de rendez-vous en ligne. Un email reprenant toutes les informations vous sera envoy\u00e9 \u00e0 l&rsquo;adresse communiqu\u00e9e via le formulaire. Les s\u00e9ances se font exclusivement via Zoom. Il est vivement conseill\u00e9 d&rsquo;installer, de configurer le logiciel en amont de l&rsquo;entretien pour \u00e9viter de perdre un pr\u00e9cieux temps. Zoom [&hellip;]<\/p>\n","protected":false},"author":1,"featured_media":0,"parent":0,"menu_order":0,"comment_status":"closed","ping_status":"closed","template":"","meta":{"jetpack_post_was_ever_published":false,"footnotes":""},"class_list":["post-70","page","type-page","status-publish","hentry"],"jetpack-related-posts":[],"jetpack_sharing_enabled":true,"_links":{"self":[{"href":"https:\/\/www.lejardindenylou.com\/index.php\/wp-json\/wp\/v2\/pages\/70","targetHints":{"allow":["GET"]}}],"collection":[{"href":"https:\/\/www.lejardindenylou.com\/index.php\/wp-json\/wp\/v2\/pages"}],"about":[{"href":"https:\/\/www.lejardindenylou.com\/index.php\/wp-json\/wp\/v2\/types\/page"}],"author":[{"embeddable":true,"href":"https:\/\/www.lejardindenylou.com\/index.php\/wp-json\/wp\/v2\/users\/1"}],"replies":[{"embeddable":true,"href":"https:\/\/www.lejardindenylou.com\/index.php\/wp-json\/wp\/v2\/comments?post=70"}],"version-history":[{"count":27,"href":"https:\/\/www.lejardindenylou.com\/index.php\/wp-json\/wp\/v2\/pages\/70\/revisions"}],"predecessor-version":[{"id":2831,"href":"https:\/\/www.lejardindenylou.com\/index.php\/wp-json\/wp\/v2\/pages\/70\/revisions\/2831"}],"wp:attachment":[{"href":"https:\/\/www.lejardindenylou.com\/index.php\/wp-json\/wp\/v2\/media?parent=70"}],"curies":[{"name":"wp","href":"https:\/\/api.w.org\/{rel}","templated":true}]}}