{"id":60,"date":"2023-01-02T10:00:56","date_gmt":"2023-01-02T09:00:56","guid":{"rendered":"http:\/\/www.lejardindenylou.com\/?page_id=60"},"modified":"2025-04-13T22:49:52","modified_gmt":"2025-04-13T20:49:52","slug":"a-propos","status":"publish","type":"page","link":"https:\/\/www.lejardindenylou.com\/index.php\/a-propos\/","title":{"rendered":"A propos"},"content":{"rendered":"\n<div class=\"wp-block-group alignwide is-nowrap is-layout-flex wp-container-core-group-is-layout-6c531013 wp-block-group-is-layout-flex\">\n<div class=\"wp-block-group has-border-color has-custom-color-5-border-color has-tertiary-background-color has-background is-vertical is-nowrap is-layout-flex wp-container-core-group-is-layout-f1734dee wp-block-group-is-layout-flex\" style=\"border-width:1px;border-radius:20px\">\n<h3 class=\"wp-block-heading has-secondary-color has-text-color has-link-color wp-elements-c41803ee2f04fdaaa4d658a1aa93656d\" id=\"block-6c051d87-fa80-41fd-bdfa-6ba9245f9c42\"><em><strong>Bonjour &amp; Bienvenue sur ce site !<\/strong><\/em><\/h3>\n\n\n\n<p id=\"block-46e8849f-2a94-4535-a16f-635aa772c4f8\">Je m&rsquo;appelle <em>Nancy Leyn<\/em> et c&rsquo;est sous le pseudo de <em>Nylou<\/em> que je publie du contenu sur la toile.<\/p>\n\n\n\n<p id=\"block-e253b0b0-bd9f-4a00-bc21-6f4dc5d8ac37\">Suite \u00e0 un <strong><em>\u00e9veil spirituel<\/em> <\/strong>et \u00e0 une <em><strong>ouverture de conscience<\/strong><\/em> assez intenses en 2014, j&rsquo;ai \u00e9t\u00e9 amen\u00e9e \u00e0 emprunter le p\u00e9rilleux chemin de la reconnexion \u00e0 ma v\u00e9rit\u00e9 profonde, \u00e0 la vibration de mon \u00e2me et \u00e0 l&rsquo;authenticit\u00e9 de mon \u00eatre. Ce long et laborieux cheminement int\u00e9rieur m&rsquo;am\u00e8ne aujourd&rsquo;hui \u00e0 partager mon exp\u00e9rience et \u00e0 accompagner ceux et celles qui ont eux aussi r\u00e9pondu \u00e0 l&rsquo;appel de leur \u00e2me.<\/p>\n<\/div>\n\n\n\n<figure class=\"wp-block-image size-full has-custom-border\" id=\"block-459f1951-b738-41e3-9f82-870d02b5b64b\"><img data-recalc-dims=\"1\" loading=\"lazy\" decoding=\"async\" width=\"2560\" height=\"1707\" src=\"https:\/\/i0.wp.com\/www.lejardindenylou.com\/wp-content\/uploads\/2023\/03\/DSC_0309-scaled.jpeg?resize=2560%2C1707&#038;ssl=1\" alt=\"\" class=\"wp-image-382\" style=\"border-radius:20px;object-fit:cover\" srcset=\"https:\/\/i0.wp.com\/www.lejardindenylou.com\/wp-content\/uploads\/2023\/03\/DSC_0309-scaled.jpeg?w=2560&amp;ssl=1 2560w, https:\/\/i0.wp.com\/www.lejardindenylou.com\/wp-content\/uploads\/2023\/03\/DSC_0309-scaled.jpeg?resize=300%2C200&amp;ssl=1 300w, https:\/\/i0.wp.com\/www.lejardindenylou.com\/wp-content\/uploads\/2023\/03\/DSC_0309-scaled.jpeg?resize=1024%2C683&amp;ssl=1 1024w, https:\/\/i0.wp.com\/www.lejardindenylou.com\/wp-content\/uploads\/2023\/03\/DSC_0309-scaled.jpeg?resize=768%2C512&amp;ssl=1 768w, https:\/\/i0.wp.com\/www.lejardindenylou.com\/wp-content\/uploads\/2023\/03\/DSC_0309-scaled.jpeg?resize=1536%2C1024&amp;ssl=1 1536w, https:\/\/i0.wp.com\/www.lejardindenylou.com\/wp-content\/uploads\/2023\/03\/DSC_0309-scaled.jpeg?resize=2048%2C1365&amp;ssl=1 2048w\" sizes=\"auto, (max-width: 1000px) 100vw, 1000px\" \/><\/figure>\n<\/div>\n\n\n\n<div class=\"wp-block-group alignwide has-border-color has-custom-color-5-border-color has-custom-color-7-background-color has-background is-layout-flow wp-block-group-is-layout-flow\" style=\"border-width:1px;border-radius:20px\">\n<h3 class=\"wp-block-heading has-secondary-color has-text-color has-link-color wp-elements-56c5e12b0454f297e33bef62e589a1ee\" id=\"block-50daf0e1-6be2-4e1e-8c7a-90cb8ebd2921\"><em><strong>Mon approche<\/strong><\/em><\/h3>\n\n\n\n<p id=\"block-8f61f85d-8be3-46b7-b62f-2ad15bb3896e\">Ma <strong>mission<\/strong> telle que je la con\u00e7ois est de <em><strong>partager<\/strong><\/em> au travers de mon<em> <\/em>exp\u00e9rience<em> <\/em>les cl\u00e9s inh\u00e9rentes \u00e0 l&rsquo;\u00e9largissement de la conscience, au processus d&rsquo;ascension ainsi qu&rsquo;\u00e0 la nature spirituelle et multi-dimensionnelle de l&rsquo;\u00eatre humain.<\/p>\n\n\n\n<div class=\"wp-block-group is-nowrap is-layout-flex wp-container-core-group-is-layout-6c531013 wp-block-group-is-layout-flex\">\n<figure class=\"wp-block-image size-full has-custom-border\"><img data-recalc-dims=\"1\" loading=\"lazy\" decoding=\"async\" width=\"2560\" height=\"1707\" src=\"https:\/\/i0.wp.com\/www.lejardindenylou.com\/wp-content\/uploads\/2023\/02\/pexels-photomix-company-96627-scaled.jpg?resize=2560%2C1707&#038;ssl=1\" alt=\"\" class=\"wp-image-145\" style=\"border-radius:20px\" srcset=\"https:\/\/i0.wp.com\/www.lejardindenylou.com\/wp-content\/uploads\/2023\/02\/pexels-photomix-company-96627-scaled.jpg?w=2560&amp;ssl=1 2560w, https:\/\/i0.wp.com\/www.lejardindenylou.com\/wp-content\/uploads\/2023\/02\/pexels-photomix-company-96627-scaled.jpg?resize=300%2C200&amp;ssl=1 300w, https:\/\/i0.wp.com\/www.lejardindenylou.com\/wp-content\/uploads\/2023\/02\/pexels-photomix-company-96627-scaled.jpg?resize=1024%2C683&amp;ssl=1 1024w, https:\/\/i0.wp.com\/www.lejardindenylou.com\/wp-content\/uploads\/2023\/02\/pexels-photomix-company-96627-scaled.jpg?resize=768%2C512&amp;ssl=1 768w, https:\/\/i0.wp.com\/www.lejardindenylou.com\/wp-content\/uploads\/2023\/02\/pexels-photomix-company-96627-scaled.jpg?resize=1536%2C1024&amp;ssl=1 1536w, https:\/\/i0.wp.com\/www.lejardindenylou.com\/wp-content\/uploads\/2023\/02\/pexels-photomix-company-96627-scaled.jpg?resize=2048%2C1365&amp;ssl=1 2048w\" sizes=\"auto, (max-width: 1000px) 100vw, 1000px\" \/><\/figure>\n\n\n\n<div class=\"wp-block-group is-vertical is-layout-flex wp-container-core-group-is-layout-fe9cc265 wp-block-group-is-layout-flex\">\n<p id=\"block-6c133f9d-45e6-4ab4-b5f1-b466b30dec34\">Mon <strong>intention<\/strong> est de favoriser <em><strong>l&rsquo;autonomie de chacun<\/strong> <\/em>dans son propre cheminement \u00e9volutif. Ma posture est de vous accompagner et de vous soutenir, tel un \u00ab\u00a0rep\u00e8re\u00a0\u00bb, dans les diff\u00e9rentes <span style=\"text-decoration: underline;\">phases du parcours initiatique qu&rsquo;est la qu\u00eate du soi<\/span>. Pour en citer quelques unes : l&rsquo;\u00e9veil et les ph\u00e9nom\u00e8nes associ\u00e9s \u00e0 l&rsquo;\u00e9veil, l&rsquo;ouverture du coeur et la d\u00e9couverte de la Lumi\u00e8re en soi, le travail de l&rsquo;ombre et des r\u00e9sistances, l&rsquo;initiation aux polarit\u00e9s, l&rsquo;int\u00e9gration dans la mati\u00e8re.<\/p>\n<\/div>\n<\/div>\n\n\n\n<p id=\"block-519a7012-8fe7-41a8-a7f2-9f0adc1e9b0e\">Guid\u00e9e et soutenue par des connexions particuli\u00e8res dans l&rsquo;invisible, je vous accompagne avec <strong>douceur<\/strong> et <strong>bienveillance<\/strong> afin que vous puissiez <span style=\"text-decoration: underline;\">reprendre ce pouvoir qui est le v\u00f4tre<\/span>. Je cr\u00e9e mes accompagnements et mes ateliers sur mesure en m&rsquo;appuyant sur mon <em><strong>intuition<\/strong><\/em>, celle-ci s&rsquo;\u00e9tant fortement d\u00e9velopp\u00e9e au fil du temps et s&rsquo;\u00e9tant r\u00e9v\u00e9l\u00e9e \u00e0 moi comme un v\u00e9ritable don.<\/p>\n<\/div>\n\n\n\n<div class=\"wp-block-group alignwide is-vertical is-layout-flex wp-container-core-group-is-layout-fe9cc265 wp-block-group-is-layout-flex\">\n<h4 class=\"wp-block-heading has-secondary-color has-text-color has-link-color wp-elements-9ab241f63d46e3807dd3062edbc9e15e\" id=\"block-9300c13e-0117-43cd-a391-c8f132043004\"><strong><em>Quelques infos perso !<\/em><\/strong><\/h4>\n\n\n\n<div class=\"wp-block-group is-nowrap is-layout-flex wp-container-core-group-is-layout-6c531013 wp-block-group-is-layout-flex\">\n<p class=\"has-border-color has-custom-color-5-border-color has-primary-color has-tertiary-background-color has-text-color has-background\" id=\"block-c3a57d37-9f49-472c-a83b-bfe3237dd421\" style=\"border-width:1px;border-radius:20px\"><em>Comme beaucoup de cheminants, je tente de faire <strong>ma part<\/strong>, avec humilit\u00e9, avec d\u00e9termination, pour l&rsquo;\u00e9mergence d&rsquo;un monde nouveau, plus respectueux du vivant et des lois universelles.<\/em><\/p>\n\n\n\n<p class=\"has-border-color has-custom-color-5-border-color has-primary-color has-tertiary-background-color has-text-color has-background\" id=\"block-33d45729-4547-41d7-8761-9d2f92e13d98\" style=\"border-width:1px;border-radius:20px\">J&rsquo;ai travaill\u00e9 durant une vingtaine d&rsquo;ann\u00e9e dans le secteur bancaire principalement comme chef de projet. Aujourd&rsquo;hui, je mets cette exp\u00e9rience au service de la cr\u00e9ation de ma propre activit\u00e9. <strong>Depuis plus de 10 ann\u00e9es,<\/strong> je consacre tout mon temps libre \u00e0 <strong>l&rsquo;exploration int\u00e9rieure <\/strong>au travers de pratiques de m\u00e9ditation et de mouvement intuitif, de lectures, de voyages et bien s\u00fbr de stages et de formations diverses et vari\u00e9es.<\/p>\n<\/div>\n\n\n\n<div class=\"wp-block-group is-nowrap is-layout-flex wp-container-core-group-is-layout-6c531013 wp-block-group-is-layout-flex\">\n<p class=\"has-border-color has-custom-color-5-border-color has-tertiary-background-color has-background\" style=\"border-width:1px;border-radius:20px\">Au fil de mon cheminement, <strong>l&rsquo;intuition<\/strong> s&rsquo;est r\u00e9v\u00e9l\u00e9e \u00e0 moi comme \u00e9tant une v\u00e9ritable facilit\u00e9, un \u00ab\u00a0don\u00a0\u00bb.   J&rsquo;ai mis un certain temps \u00e0 lui accorder ma confiance, en l&rsquo;\u00e9prouvant quotidiennement.  Par ailleurs, j&rsquo;ai \u00e9galement \u00e9t\u00e9 rassur\u00e9e de pouvoir observer que, en ces temps d&rsquo;\u00e9mergence, l&rsquo;intuition est une v\u00e9ritable facult\u00e9 que certains d&rsquo;entre nous ont d\u00e9velopp\u00e9 avec plus d&rsquo;acuit\u00e9 que d&rsquo;autres.  D\u00e8s lors, aujourd&rsquo;hui, je me suis affranchie et j&rsquo;ose l&rsquo;utiliser non sans discernement dans les accompagnements et les ateliers que je propose. <\/p>\n\n\n\n<p class=\"has-border-color has-custom-color-5-border-color has-primary-color has-tertiary-background-color has-text-color has-background\" id=\"block-f5447bf4-68a7-4806-958d-5a7d04e44098\" style=\"border-width:1px;border-radius:20px\"><em>C&rsquo;est avec une joie profonde que je vous encourage \u00e0 oser rayonner votre propre lumi\u00e8re, \u00e0 vous aligner avec votre \u00e2me et votre identit\u00e9 divine et profonde, <strong>\u00e0 vibrer haut et fort<\/strong> afin que le monde puisse b\u00e9n\u00e9ficier de votre propre fr\u00e9quence et afin que votre entourage puisse s&rsquo;inspirer de votre exemple.<\/em><\/p>\n<\/div>\n<\/div>\n\n\n\n<div class=\"wp-block-group alignwide is-nowrap is-layout-flex wp-container-core-group-is-layout-6c531013 wp-block-group-is-layout-flex\">\n<p class=\"has-border-color has-custom-color-5-border-color has-tertiary-color has-custom-color-7-background-color has-text-color has-background has-medium-font-size\" id=\"block-147df1e3-a189-4a5b-9b34-c63e77aca02c\" style=\"border-width:1px;border-radius:20px\"><em>Car si nul ne peut faire le chemin \u00e0 notre place, nous pouvons nous aider et nous soutenir les uns les autres avec coeur et bienveillance ! \ud83e\udef6<\/em><\/p>\n\n\n\n<figure class=\"wp-block-image size-large has-custom-border is-style-default\" id=\"block-32c17cf5-9585-465d-8d54-983086897fb1\"><img data-recalc-dims=\"1\" loading=\"lazy\" decoding=\"async\" width=\"1024\" height=\"683\" src=\"https:\/\/i0.wp.com\/www.lejardindenylou.com\/wp-content\/uploads\/2023\/03\/pexels-photomix-company-172505.jpg?resize=1024%2C683&#038;ssl=1\" alt=\"\" class=\"wp-image-400\" style=\"border-radius:20px;object-fit:cover\" srcset=\"https:\/\/i0.wp.com\/www.lejardindenylou.com\/wp-content\/uploads\/2023\/03\/pexels-photomix-company-172505-scaled.jpg?resize=1024%2C683&amp;ssl=1 1024w, https:\/\/i0.wp.com\/www.lejardindenylou.com\/wp-content\/uploads\/2023\/03\/pexels-photomix-company-172505-scaled.jpg?resize=300%2C200&amp;ssl=1 300w, https:\/\/i0.wp.com\/www.lejardindenylou.com\/wp-content\/uploads\/2023\/03\/pexels-photomix-company-172505-scaled.jpg?resize=768%2C512&amp;ssl=1 768w, https:\/\/i0.wp.com\/www.lejardindenylou.com\/wp-content\/uploads\/2023\/03\/pexels-photomix-company-172505-scaled.jpg?resize=1536%2C1024&amp;ssl=1 1536w, https:\/\/i0.wp.com\/www.lejardindenylou.com\/wp-content\/uploads\/2023\/03\/pexels-photomix-company-172505-scaled.jpg?resize=2048%2C1365&amp;ssl=1 2048w\" sizes=\"auto, (max-width: 1000px) 100vw, 1000px\" \/><\/figure>\n<\/div>\n\n\n\n<p><\/p>\n","protected":false},"excerpt":{"rendered":"<p>Bonjour &amp; Bienvenue sur ce site ! Je m&rsquo;appelle Nancy Leyn et c&rsquo;est sous le pseudo de Nylou que je publie du contenu sur la toile. Suite \u00e0 un \u00e9veil spirituel et \u00e0 une ouverture de conscience assez intenses en 2014, j&rsquo;ai \u00e9t\u00e9 amen\u00e9e \u00e0 emprunter le p\u00e9rilleux chemin de la reconnexion \u00e0 ma v\u00e9rit\u00e9 [&hellip;]<\/p>\n","protected":false},"author":1,"featured_media":0,"parent":0,"menu_order":0,"comment_status":"closed","ping_status":"closed","template":"","meta":{"jetpack_post_was_ever_published":false,"footnotes":""},"class_list":["post-60","page","type-page","status-publish","hentry"],"jetpack-related-posts":[],"jetpack_sharing_enabled":true,"_links":{"self":[{"href":"https:\/\/www.lejardindenylou.com\/index.php\/wp-json\/wp\/v2\/pages\/60","targetHints":{"allow":["GET"]}}],"collection":[{"href":"https:\/\/www.lejardindenylou.com\/index.php\/wp-json\/wp\/v2\/pages"}],"about":[{"href":"https:\/\/www.lejardindenylou.com\/index.php\/wp-json\/wp\/v2\/types\/page"}],"author":[{"embeddable":true,"href":"https:\/\/www.lejardindenylou.com\/index.php\/wp-json\/wp\/v2\/users\/1"}],"replies":[{"embeddable":true,"href":"https:\/\/www.lejardindenylou.com\/index.php\/wp-json\/wp\/v2\/comments?post=60"}],"version-history":[{"count":17,"href":"https:\/\/www.lejardindenylou.com\/index.php\/wp-json\/wp\/v2\/pages\/60\/revisions"}],"predecessor-version":[{"id":2836,"href":"https:\/\/www.lejardindenylou.com\/index.php\/wp-json\/wp\/v2\/pages\/60\/revisions\/2836"}],"wp:attachment":[{"href":"https:\/\/www.lejardindenylou.com\/index.php\/wp-json\/wp\/v2\/media?parent=60"}],"curies":[{"name":"wp","href":"https:\/\/api.w.org\/{rel}","templated":true}]}}